{"id":1043,"date":"2025-09-04T13:37:23","date_gmt":"2025-09-04T10:37:23","guid":{"rendered":"https:\/\/provulk.eu\/?post_type=product&#038;p=1043"},"modified":"2025-09-04T13:37:32","modified_gmt":"2025-09-04T10:37:32","slug":"valva-mecanica-turism-ms525b","status":"publish","type":"product","link":"https:\/\/provulk.eu\/en\/product\/valva-mecanica-turism-ms525b\/","title":{"rendered":"Valva mecanica turism MS525B"},"content":{"rendered":"<p>Valva MS525\u00a0 este metalic\u0103 cu \u0219uruburi conceput\u0103 pentru ro\u021bile autoturismelor f\u0103r\u0103 camer\u0103.<\/p>","protected":false},"excerpt":{"rendered":"<p>Valva MS525\u00a0 este metalic\u0103 cu \u0219uruburi conceput\u0103 pentru ro\u021bile autoturismelor f\u0103r\u0103 camer\u0103.<\/p>","protected":false},"featured_media":1072,"comment_status":"open","ping_status":"closed","template":"","meta":[],"product_brand":[],"product_cat":[57],"product_tag":[],"class_list":{"0":"post-1043","1":"product","2":"type-product","3":"status-publish","4":"has-post-thumbnail","6":"product_cat-valve-turisme","8":"first","9":"instock","10":"shipping-taxable","11":"purchasable","12":"product-type-simple"},"_links":{"self":[{"href":"https:\/\/provulk.eu\/en\/wp-json\/wp\/v2\/product\/1043","targetHints":{"allow":["GET"]}}],"collection":[{"href":"https:\/\/provulk.eu\/en\/wp-json\/wp\/v2\/product"}],"about":[{"href":"https:\/\/provulk.eu\/en\/wp-json\/wp\/v2\/types\/product"}],"replies":[{"embeddable":true,"href":"https:\/\/provulk.eu\/en\/wp-json\/wp\/v2\/comments?post=1043"}],"wp:featuredmedia":[{"embeddable":true,"href":"https:\/\/provulk.eu\/en\/wp-json\/wp\/v2\/media\/1072"}],"wp:attachment":[{"href":"https:\/\/provulk.eu\/en\/wp-json\/wp\/v2\/media?parent=1043"}],"wp:term":[{"taxonomy":"product_brand","embeddable":true,"href":"https:\/\/provulk.eu\/en\/wp-json\/wp\/v2\/product_brand?post=1043"},{"taxonomy":"product_cat","embeddable":true,"href":"https:\/\/provulk.eu\/en\/wp-json\/wp\/v2\/product_cat?post=1043"},{"taxonomy":"product_tag","embeddable":true,"href":"https:\/\/provulk.eu\/en\/wp-json\/wp\/v2\/product_tag?post=1043"}],"curies":[{"name":"wp","href":"https:\/\/api.w.org\/{rel}","templated":true}]}}