{"id":1276,"date":"2025-09-04T13:38:32","date_gmt":"2025-09-04T10:38:32","guid":{"rendered":"https:\/\/provulk.eu\/?post_type=product&#038;p=1276"},"modified":"2025-09-04T13:38:43","modified_gmt":"2025-09-04T10:38:43","slug":"plumbi-echilibrat-roti-jante-tabla-45g-50buc","status":"publish","type":"product","link":"https:\/\/provulk.eu\/en\/product\/plumbi-echilibrat-roti-jante-tabla-45g-50buc\/","title":{"rendered":"Plumbi echilibrat roti jante tabla 45g \/50buc"},"content":{"rendered":"<p>Plumbi echilibrat roti jante tabla 45gr gama ecologica. \u00cenveli\u0219ul special din metal \u0219i stratul de plastic asigur\u0103 o rezisten\u021b\u0103 ridicat\u0103 la coroziune Acoperirea din plastic nu deterioreaz\u0103 stratul de vopsea al jantei. Producator: KING POINT. Mod ambalare :50buc la cutie<\/p>","protected":false},"excerpt":{"rendered":"<p>Plumbi echilibrat roti jante tabla 45gr gama ecologica. \u00cenveli\u0219ul special din metal \u0219i stratul de plastic asigur\u0103 o rezisten\u021b\u0103 ridicat\u0103 la coroziune Acoperirea din plastic nu deterioreaz\u0103 stratul de vopsea al jantei. Producator: KING POINT. Mod ambalare :50buc la cutie<\/p>","protected":false},"featured_media":1288,"comment_status":"open","ping_status":"closed","template":"","meta":[],"product_brand":[],"product_cat":[166],"product_tag":[],"class_list":{"0":"post-1276","1":"product","2":"type-product","3":"status-publish","4":"has-post-thumbnail","6":"product_cat-plumbi-echilibrat-roti-jante-tabla-eco","8":"first","9":"instock","10":"shipping-taxable","11":"purchasable","12":"product-type-simple"},"_links":{"self":[{"href":"https:\/\/provulk.eu\/en\/wp-json\/wp\/v2\/product\/1276","targetHints":{"allow":["GET"]}}],"collection":[{"href":"https:\/\/provulk.eu\/en\/wp-json\/wp\/v2\/product"}],"about":[{"href":"https:\/\/provulk.eu\/en\/wp-json\/wp\/v2\/types\/product"}],"replies":[{"embeddable":true,"href":"https:\/\/provulk.eu\/en\/wp-json\/wp\/v2\/comments?post=1276"}],"wp:featuredmedia":[{"embeddable":true,"href":"https:\/\/provulk.eu\/en\/wp-json\/wp\/v2\/media\/1288"}],"wp:attachment":[{"href":"https:\/\/provulk.eu\/en\/wp-json\/wp\/v2\/media?parent=1276"}],"wp:term":[{"taxonomy":"product_brand","embeddable":true,"href":"https:\/\/provulk.eu\/en\/wp-json\/wp\/v2\/product_brand?post=1276"},{"taxonomy":"product_cat","embeddable":true,"href":"https:\/\/provulk.eu\/en\/wp-json\/wp\/v2\/product_cat?post=1276"},{"taxonomy":"product_tag","embeddable":true,"href":"https:\/\/provulk.eu\/en\/wp-json\/wp\/v2\/product_tag?post=1276"}],"curies":[{"name":"wp","href":"https:\/\/api.w.org\/{rel}","templated":true}]}}