{"id":1279,"date":"2025-09-04T13:38:33","date_gmt":"2025-09-04T10:38:33","guid":{"rendered":"https:\/\/provulk.eu\/?post_type=product&#038;p=1279"},"modified":"2025-09-04T13:38:44","modified_gmt":"2025-09-04T10:38:44","slug":"spray-vaselina-pe-baza-de-cupru-400ml","status":"publish","type":"product","link":"https:\/\/provulk.eu\/en\/product\/spray-vaselina-pe-baza-de-cupru-400ml\/","title":{"rendered":"Spray vaselina pe baza de  cupru 400ml"},"content":{"rendered":"<p>Vaselina\u00a0 pe baz\u0103 de cupru pentru aplica\u021bii la temperaturi \u00eenalte. Reduce frecarea pieselor metalice, protejeaz\u0103 rulmen\u021bii, piuli\u021bele \u0219i \u0219uruburile corodate \u0219i previne griparea \u00een condi\u021bii extreme. Func\u021bioneaz\u0103 \u00een intervalul de temperatur\u0103 de la -40\u00b0C la +1000\u00b0C.<\/p>","protected":false},"excerpt":{"rendered":"<p>Vaselina\u00a0 pe baz\u0103 de cupru pentru aplica\u021bii la temperaturi \u00eenalte. Reduce frecarea pieselor metalice, protejeaz\u0103 rulmen\u021bii, piuli\u021bele \u0219i \u0219uruburile corodate \u0219i previne griparea \u00een condi\u021bii extreme. Func\u021bioneaz\u0103 \u00een intervalul de temperatur\u0103 de la -40\u00b0C la +1000\u00b0C.<\/p>","protected":false},"featured_media":1299,"comment_status":"open","ping_status":"closed","template":"","meta":[],"product_brand":[],"product_cat":[64],"product_tag":[],"class_list":{"0":"post-1279","1":"product","2":"type-product","3":"status-publish","4":"has-post-thumbnail","6":"product_cat-produse-intretinere","8":"first","9":"instock","10":"shipping-taxable","11":"purchasable","12":"product-type-simple"},"_links":{"self":[{"href":"https:\/\/provulk.eu\/en\/wp-json\/wp\/v2\/product\/1279","targetHints":{"allow":["GET"]}}],"collection":[{"href":"https:\/\/provulk.eu\/en\/wp-json\/wp\/v2\/product"}],"about":[{"href":"https:\/\/provulk.eu\/en\/wp-json\/wp\/v2\/types\/product"}],"replies":[{"embeddable":true,"href":"https:\/\/provulk.eu\/en\/wp-json\/wp\/v2\/comments?post=1279"}],"wp:featuredmedia":[{"embeddable":true,"href":"https:\/\/provulk.eu\/en\/wp-json\/wp\/v2\/media\/1299"}],"wp:attachment":[{"href":"https:\/\/provulk.eu\/en\/wp-json\/wp\/v2\/media?parent=1279"}],"wp:term":[{"taxonomy":"product_brand","embeddable":true,"href":"https:\/\/provulk.eu\/en\/wp-json\/wp\/v2\/product_brand?post=1279"},{"taxonomy":"product_cat","embeddable":true,"href":"https:\/\/provulk.eu\/en\/wp-json\/wp\/v2\/product_cat?post=1279"},{"taxonomy":"product_tag","embeddable":true,"href":"https:\/\/provulk.eu\/en\/wp-json\/wp\/v2\/product_tag?post=1279"}],"curies":[{"name":"wp","href":"https:\/\/api.w.org\/{rel}","templated":true}]}}