{"id":1308,"date":"2025-09-04T13:38:46","date_gmt":"2025-09-04T10:38:46","guid":{"rendered":"https:\/\/provulk.eu\/?post_type=product&#038;p=1308"},"modified":"2025-09-04T13:38:50","modified_gmt":"2025-09-04T10:38:50","slug":"pasta-montat-anvelope-albastra-run-flat-perfect-5kg","status":"publish","type":"product","link":"https:\/\/provulk.eu\/en\/product\/pasta-montat-anvelope-albastra-run-flat-perfect-5kg\/","title":{"rendered":"Pasta montat anvelope albastra Run Flat PERFECT 5kg"},"content":{"rendered":"<pre class=\"tw-data-text tw-text-large tw-ta\" dir=\"ltr\" data-placeholder=\"Traducere\" data-ved=\"2ahUKEwjSg4n68f6JAxUdh_0HHddhHWwQ3ewLegQIDBAW\" aria-label=\"Text tradus: Adecvat \u00een special pentru anvelopele run-flat \u0219i anvelopele pentru ma\u0219ini sport. Past\u0103 de asamblare cu propriet\u0103\u021bi ridicate de alunecare pentru (de)asamblare u\u0219oar\u0103 a anvelopelor de rulare. Asigur\u0103 o fixare str\u00e2ns\u0103 a anvelopelor. Aplica\u021bie: Absorb\u021bie moderat\u0103 prin pensul\u0103, u\u0219or de dozat \u0219i aplicat.\"><span class=\"Y2IQFc\" lang=\"ro\">Past\u0103 de montare cu propriet\u0103\u021bi ridicate de alunecare pentru (de)asamblare u\u0219oar\u0103 a anvelopelor de rulare\r\n<\/span><\/pre>\n<pre class=\"tw-data-text tw-text-large tw-ta\" dir=\"ltr\" data-placeholder=\"Traducere\" data-ved=\"2ahUKEwjSg4n68f6JAxUdh_0HHddhHWwQ3ewLegQIDBAW\" aria-label=\"Text tradus: Adecvat \u00een special pentru anvelopele run-flat \u0219i anvelopele pentru ma\u0219ini sport. Past\u0103 de asamblare cu propriet\u0103\u021bi ridicate de alunecare pentru (de)asamblare u\u0219oar\u0103 a anvelopelor de rulare. Asigur\u0103 o fixare str\u00e2ns\u0103 a anvelopelor. Aplica\u021bie: Absorb\u021bie moderat\u0103 prin pensul\u0103, u\u0219or de dozat \u0219i aplicat.\"><span class=\"Y2IQFc\" lang=\"ro\">Asigur\u0103 o fixare str\u00e2ns\u0103 a anvelopelor.\r\n<\/span><\/pre>\n<pre id=\"tw-target-text\" class=\"tw-data-text tw-text-large tw-ta\" dir=\"ltr\" data-placeholder=\"Traducere\" data-ved=\"2ahUKEwjSg4n68f6JAxUdh_0HHddhHWwQ3ewLegQIDBAW\" aria-label=\"Text tradus: Adecvat \u00een special pentru anvelopele run-flat \u0219i anvelopele pentru ma\u0219ini sport. Past\u0103 de asamblare cu propriet\u0103\u021bi ridicate de alunecare pentru (de)asamblare u\u0219oar\u0103 a anvelopelor de rulare. Asigur\u0103 o fixare str\u00e2ns\u0103 a anvelopelor. Aplica\u021bie: Absorb\u021bie moderat\u0103 prin pensul\u0103, u\u0219or de dozat \u0219i aplicat.\"><span class=\"Y2IQFc\" lang=\"ro\">Adecvat \u00een special pentru anvelopele run-flat \u0219i anvelopele pentru ma\u0219ini sport.<\/span><\/pre>\n<pre class=\"tw-data-text tw-text-large tw-ta\" dir=\"ltr\" data-placeholder=\"Traducere\" data-ved=\"2ahUKEwjSg4n68f6JAxUdh_0HHddhHWwQ3ewLegQIDBAW\" aria-label=\"Text tradus: Adecvat \u00een special pentru anvelopele run-flat \u0219i anvelopele pentru ma\u0219ini sport. Past\u0103 de asamblare cu propriet\u0103\u021bi ridicate de alunecare pentru (de)asamblare u\u0219oar\u0103 a anvelopelor de rulare. Asigur\u0103 o fixare str\u00e2ns\u0103 a anvelopelor. Aplica\u021bie: Absorb\u021bie moderat\u0103 prin pensul\u0103, u\u0219or de dozat \u0219i aplicat.\"><\/pre>","protected":false},"excerpt":{"rendered":"<p>Past\u0103 de montare cu propriet\u0103\u021bi ridicate de alunecare pentru (de)asamblare u\u0219oar\u0103 a anvelopelor de rulare Asigur\u0103 o fixare str\u00e2ns\u0103 a anvelopelor. Adecvat \u00een special pentru anvelopele run-flat \u0219i anvelopele pentru ma\u0219ini sport.<\/p>","protected":false},"featured_media":1323,"comment_status":"open","ping_status":"closed","template":"","meta":[],"product_brand":[],"product_cat":[141],"product_tag":[],"class_list":{"0":"post-1308","1":"product","2":"type-product","3":"status-publish","4":"has-post-thumbnail","6":"product_cat-pasta-montat-demontat-anvelope","8":"first","9":"instock","10":"shipping-taxable","11":"purchasable","12":"product-type-simple"},"_links":{"self":[{"href":"https:\/\/provulk.eu\/en\/wp-json\/wp\/v2\/product\/1308","targetHints":{"allow":["GET"]}}],"collection":[{"href":"https:\/\/provulk.eu\/en\/wp-json\/wp\/v2\/product"}],"about":[{"href":"https:\/\/provulk.eu\/en\/wp-json\/wp\/v2\/types\/product"}],"replies":[{"embeddable":true,"href":"https:\/\/provulk.eu\/en\/wp-json\/wp\/v2\/comments?post=1308"}],"wp:featuredmedia":[{"embeddable":true,"href":"https:\/\/provulk.eu\/en\/wp-json\/wp\/v2\/media\/1323"}],"wp:attachment":[{"href":"https:\/\/provulk.eu\/en\/wp-json\/wp\/v2\/media?parent=1308"}],"wp:term":[{"taxonomy":"product_brand","embeddable":true,"href":"https:\/\/provulk.eu\/en\/wp-json\/wp\/v2\/product_brand?post=1308"},{"taxonomy":"product_cat","embeddable":true,"href":"https:\/\/provulk.eu\/en\/wp-json\/wp\/v2\/product_cat?post=1308"},{"taxonomy":"product_tag","embeddable":true,"href":"https:\/\/provulk.eu\/en\/wp-json\/wp\/v2\/product_tag?post=1308"}],"curies":[{"name":"wp","href":"https:\/\/api.w.org\/{rel}","templated":true}]}}