{"id":1309,"date":"2025-09-04T13:38:46","date_gmt":"2025-09-04T10:38:46","guid":{"rendered":"https:\/\/provulk.eu\/?post_type=product&#038;p=1309"},"modified":"2025-09-04T13:38:51","modified_gmt":"2025-09-04T10:38:51","slug":"pasta-montat-anvelope-neagra-perfect-5kg","status":"publish","type":"product","link":"https:\/\/provulk.eu\/en\/product\/pasta-montat-anvelope-neagra-perfect-5kg\/","title":{"rendered":"Pasta montat anvelope neagra PERFECT 5kg"},"content":{"rendered":"<pre class=\"tw-data-text tw-text-large tw-ta\" dir=\"ltr\" data-placeholder=\"Traducere\" data-ved=\"2ahUKEwjSg4n68f6JAxUdh_0HHddhHWwQ3ewLegQIDBAW\" aria-label=\"Text tradus: Past\u0103 de montaj neagr\u0103 (universal\u0103) cu lubrifiere ridicat\u0103 pentru (de)montare u\u0219oar\u0103 a anvelopelor de ma\u0219ini, motociclete \u0219i furgonete \u0219i o potrivire str\u00e2ns\u0103 a anvelopelor.Aplica\u021bie:Preluare moderat\u0103 cu pensula, u\u0219or de dozat \u0219i aplicat.\"><span class=\"Y2IQFc\" lang=\"ro\">Past\u0103 de montaj neagr\u0103 universal\u0103 cu lubrifiere ridicat\u0103 pentru (de)montare usoara a anvelopelor \r\nde masini,motociclete si furgonete <\/span><\/pre>","protected":false},"excerpt":{"rendered":"<p>Past\u0103 de montaj neagr\u0103 universal\u0103 cu lubrifiere ridicat\u0103 pentru (de)montare usoara a anvelopelor de masini,motociclete si furgonete<\/p>","protected":false},"featured_media":1324,"comment_status":"open","ping_status":"closed","template":"","meta":[],"product_brand":[],"product_cat":[141],"product_tag":[],"class_list":{"0":"post-1309","1":"product","2":"type-product","3":"status-publish","4":"has-post-thumbnail","6":"product_cat-pasta-montat-demontat-anvelope","8":"first","9":"instock","10":"shipping-taxable","11":"purchasable","12":"product-type-simple"},"_links":{"self":[{"href":"https:\/\/provulk.eu\/en\/wp-json\/wp\/v2\/product\/1309","targetHints":{"allow":["GET"]}}],"collection":[{"href":"https:\/\/provulk.eu\/en\/wp-json\/wp\/v2\/product"}],"about":[{"href":"https:\/\/provulk.eu\/en\/wp-json\/wp\/v2\/types\/product"}],"replies":[{"embeddable":true,"href":"https:\/\/provulk.eu\/en\/wp-json\/wp\/v2\/comments?post=1309"}],"wp:featuredmedia":[{"embeddable":true,"href":"https:\/\/provulk.eu\/en\/wp-json\/wp\/v2\/media\/1324"}],"wp:attachment":[{"href":"https:\/\/provulk.eu\/en\/wp-json\/wp\/v2\/media?parent=1309"}],"wp:term":[{"taxonomy":"product_brand","embeddable":true,"href":"https:\/\/provulk.eu\/en\/wp-json\/wp\/v2\/product_brand?post=1309"},{"taxonomy":"product_cat","embeddable":true,"href":"https:\/\/provulk.eu\/en\/wp-json\/wp\/v2\/product_cat?post=1309"},{"taxonomy":"product_tag","embeddable":true,"href":"https:\/\/provulk.eu\/en\/wp-json\/wp\/v2\/product_tag?post=1309"}],"curies":[{"name":"wp","href":"https:\/\/api.w.org\/{rel}","templated":true}]}}