{"id":1310,"date":"2025-09-04T13:38:46","date_gmt":"2025-09-04T10:38:46","guid":{"rendered":"https:\/\/provulk.eu\/?post_type=product&#038;p=1310"},"modified":"2025-09-04T13:38:52","modified_gmt":"2025-09-04T10:38:52","slug":"pasta-montat-universala-alba-perfect-5kg","status":"publish","type":"product","link":"https:\/\/provulk.eu\/en\/product\/pasta-montat-universala-alba-perfect-5kg\/","title":{"rendered":"Pasta montat universala alba PERFECT 5kg"},"content":{"rendered":"<pre class=\"tw-data-text tw-text-large tw-ta\" dir=\"ltr\" data-placeholder=\"Traducere\" data-ved=\"2ahUKEwjSg4n68f6JAxUdh_0HHddhHWwQ3ewLegQIDBAW\" aria-label=\"Text tradus: Past\u0103 de montaj alb\u0103 (universal\u0103) cu lubrifiere ridicat\u0103 pentru (de)montare u\u0219oar\u0103 a anvelopelor de ma\u0219ini, motociclete \u0219i furgonete \u0219i o potrivire str\u00e2ns\u0103 a anvelopelor. Aplica\u021bie: Preluare moderat\u0103 cu pensula, u\u0219or de dozat \u0219i aplicat. Potrivit \u0219i pentru ma\u0219ini electrice.\"><span class=\"Y2IQFc\" lang=\"ro\">Past\u0103 de montaj alb\u0103 (universal\u0103) cu lubrifiere ridicat\u0103 pentru (de)montare u\u0219oar\u0103<\/span><\/pre>\n<pre class=\"tw-data-text tw-text-large tw-ta\" dir=\"ltr\" data-placeholder=\"Traducere\" data-ved=\"2ahUKEwjSg4n68f6JAxUdh_0HHddhHWwQ3ewLegQIDBAW\" aria-label=\"Text tradus: Past\u0103 de montaj alb\u0103 (universal\u0103) cu lubrifiere ridicat\u0103 pentru (de)montare u\u0219oar\u0103 a anvelopelor de ma\u0219ini, motociclete \u0219i furgonete \u0219i o potrivire str\u00e2ns\u0103 a anvelopelor. Aplica\u021bie: Preluare moderat\u0103 cu pensula, u\u0219or de dozat \u0219i aplicat. Potrivit \u0219i pentru ma\u0219ini electrice.\"><span class=\"Y2IQFc\" lang=\"ro\">a anvelopelor de ma\u0219ini,<\/span><\/pre>\n<pre class=\"tw-data-text tw-text-large tw-ta\" dir=\"ltr\" data-placeholder=\"Traducere\" data-ved=\"2ahUKEwjSg4n68f6JAxUdh_0HHddhHWwQ3ewLegQIDBAW\" aria-label=\"Text tradus: Past\u0103 de montaj alb\u0103 (universal\u0103) cu lubrifiere ridicat\u0103 pentru (de)montare u\u0219oar\u0103 a anvelopelor de ma\u0219ini, motociclete \u0219i furgonete \u0219i o potrivire str\u00e2ns\u0103 a anvelopelor. Aplica\u021bie: Preluare moderat\u0103 cu pensula, u\u0219or de dozat \u0219i aplicat. Potrivit \u0219i pentru ma\u0219ini electrice.\"><span class=\"Y2IQFc\" lang=\"ro\">motociclete \u0219i furgonete \u0219i o potrivire str\u00e2ns\u0103 a anvelopelor.\r\n<\/span><\/pre>\n<pre id=\"tw-target-text\" class=\"tw-data-text tw-text-large tw-ta\" dir=\"ltr\" data-placeholder=\"Traducere\" data-ved=\"2ahUKEwjSg4n68f6JAxUdh_0HHddhHWwQ3ewLegQIDBAW\" aria-label=\"Text tradus: Past\u0103 de montaj alb\u0103 (universal\u0103) cu lubrifiere ridicat\u0103 pentru (de)montare u\u0219oar\u0103 a anvelopelor de ma\u0219ini, motociclete \u0219i furgonete \u0219i o potrivire str\u00e2ns\u0103 a anvelopelor. Aplica\u021bie: Preluare moderat\u0103 cu pensula, u\u0219or de dozat \u0219i aplicat. Potrivit \u0219i pentru ma\u0219ini electrice.\"><span class=\"Y2IQFc\" lang=\"ro\">Aplica\u021bie:\r\nPreluare moderat\u0103 cu pensula, u\u0219or de dozat \u0219i aplicat.\r\n\r\nPotrivit \u0219i pentru ma\u0219ini electrice.<\/span><\/pre>\n<pre class=\"tw-data-text tw-text-large tw-ta\" dir=\"ltr\" data-placeholder=\"Traducere\" data-ved=\"2ahUKEwjSg4n68f6JAxUdh_0HHddhHWwQ3ewLegQIDBAW\" aria-label=\"Text tradus: Past\u0103 de montaj alb\u0103 (universal\u0103) cu lubrifiere ridicat\u0103 pentru (de)montare u\u0219oar\u0103 a anvelopelor de ma\u0219ini, motociclete \u0219i furgonete \u0219i o potrivire str\u00e2ns\u0103 a anvelopelor. Aplica\u021bie: Preluare moderat\u0103 cu pensula, u\u0219or de dozat \u0219i aplicat. Potrivit \u0219i pentru ma\u0219ini electrice.\"><\/pre>","protected":false},"excerpt":{"rendered":"<p>Past\u0103 de montaj alb\u0103 (universal\u0103) cu lubrifiere ridicat\u0103 pentru (de)montare u\u0219oar\u0103 a anvelopelor de ma\u0219ini, motociclete \u0219i furgonete \u0219i o potrivire str\u00e2ns\u0103 a anvelopelor. Aplica\u021bie: Preluare moderat\u0103 cu pensula, u\u0219or de dozat \u0219i aplicat. Potrivit \u0219i pentru ma\u0219ini electrice.<\/p>","protected":false},"featured_media":1325,"comment_status":"open","ping_status":"closed","template":"","meta":[],"product_brand":[],"product_cat":[141],"product_tag":[],"class_list":{"0":"post-1310","1":"product","2":"type-product","3":"status-publish","4":"has-post-thumbnail","6":"product_cat-pasta-montat-demontat-anvelope","8":"first","9":"instock","10":"shipping-taxable","11":"purchasable","12":"product-type-simple"},"_links":{"self":[{"href":"https:\/\/provulk.eu\/en\/wp-json\/wp\/v2\/product\/1310","targetHints":{"allow":["GET"]}}],"collection":[{"href":"https:\/\/provulk.eu\/en\/wp-json\/wp\/v2\/product"}],"about":[{"href":"https:\/\/provulk.eu\/en\/wp-json\/wp\/v2\/types\/product"}],"replies":[{"embeddable":true,"href":"https:\/\/provulk.eu\/en\/wp-json\/wp\/v2\/comments?post=1310"}],"wp:featuredmedia":[{"embeddable":true,"href":"https:\/\/provulk.eu\/en\/wp-json\/wp\/v2\/media\/1325"}],"wp:attachment":[{"href":"https:\/\/provulk.eu\/en\/wp-json\/wp\/v2\/media?parent=1310"}],"wp:term":[{"taxonomy":"product_brand","embeddable":true,"href":"https:\/\/provulk.eu\/en\/wp-json\/wp\/v2\/product_brand?post=1310"},{"taxonomy":"product_cat","embeddable":true,"href":"https:\/\/provulk.eu\/en\/wp-json\/wp\/v2\/product_cat?post=1310"},{"taxonomy":"product_tag","embeddable":true,"href":"https:\/\/provulk.eu\/en\/wp-json\/wp\/v2\/product_tag?post=1310"}],"curies":[{"name":"wp","href":"https:\/\/api.w.org\/{rel}","templated":true}]}}