{"id":1311,"date":"2025-09-04T13:38:46","date_gmt":"2025-09-04T10:38:46","guid":{"rendered":"https:\/\/provulk.eu\/?post_type=product&#038;p=1311"},"modified":"2025-09-04T13:38:53","modified_gmt":"2025-09-04T10:38:53","slug":"pensula-pasta-montat-pentru-turism-si-camion","status":"publish","type":"product","link":"https:\/\/provulk.eu\/en\/product\/pensula-pasta-montat-pentru-turism-si-camion\/","title":{"rendered":"Pensula pasta montat pentru turism si camion"},"content":{"rendered":"<pre class=\"tw-data-text tw-text-large tw-ta\" dir=\"ltr\" data-placeholder=\"Traducere\" data-ved=\"2ahUKEwjSg4n68f6JAxUdh_0HHddhHWwQ3ewLegQIDBAW\" aria-label=\"Text tradus: Cu peria special\u0103 \u00eenclinat\u0103 de la Perfect Equipment toate pastele de asamblare sau pastele de asamblare anvelope pot fi aplicate pe anvelope \u0219i jante. Capul periei are un diametru de 51,5 mm iar lungimea periei este de 300 mm. Instrumentele noastre de montare a anvelopelor faciliteaz\u0103 montarea \u0219i \u00eendep\u0103rtarea greut\u0103\u021bilor de echilibrare \u0219i a supapelor anvelopelor pentru schimbarea anvelopelor. Acestea asigur\u0103, printre altele, c\u0103 anvelopa \u0219i janta pot fi separate manual f\u0103r\u0103 putere auxiliar\u0103, c\u0103 pute\u021bi bate corect greut\u0103\u021bile pe ro\u021bile cu spi\u021be ale motocicletei sau c\u0103 pute\u021bi monta \u0219i demonta cu u\u0219urin\u021b\u0103 greut\u0103\u021bi pentru spi\u021be. Pe l\u00e2ng\u0103 instrumentele noastre pentru schimbarea anvelopelor, exist\u0103 c\u00e2teva alte produse care sunt indispensabile pentru schimbarea ro\u021bilor de \u00eenalt\u0103 calitate. Acestea includ, de exemplu, greut\u0103\u021bi adezive\/greut\u0103\u021bi de impact, fier de c\u0103lcat pentru anvelope, supape pentru anvelope\/supape pentru jant\u0103 \u0219i senzori TPMS. Ve\u021bi g\u0103si toate produsele din aceast\u0103 zon\u0103 la calitatea obi\u0219nuit\u0103 \u00een gama noastr\u0103 de produse. Lungime in mm 300 mm\"><span class=\"Y2IQFc\" lang=\"ro\">Cu peria special\u0103 \u00eenclinat\u0103 de la Perfect Equipment toate pastele de anvelope<\/span><\/pre>\n<pre class=\"tw-data-text tw-text-large tw-ta\" dir=\"ltr\" data-placeholder=\"Traducere\" data-ved=\"2ahUKEwjSg4n68f6JAxUdh_0HHddhHWwQ3ewLegQIDBAW\" aria-label=\"Text tradus: Cu peria special\u0103 \u00eenclinat\u0103 de la Perfect Equipment toate pastele de asamblare sau pastele de asamblare anvelope pot fi aplicate pe anvelope \u0219i jante. Capul periei are un diametru de 51,5 mm iar lungimea periei este de 300 mm. Instrumentele noastre de montare a anvelopelor faciliteaz\u0103 montarea \u0219i \u00eendep\u0103rtarea greut\u0103\u021bilor de echilibrare \u0219i a supapelor anvelopelor pentru schimbarea anvelopelor. Acestea asigur\u0103, printre altele, c\u0103 anvelopa \u0219i janta pot fi separate manual f\u0103r\u0103 putere auxiliar\u0103, c\u0103 pute\u021bi bate corect greut\u0103\u021bile pe ro\u021bile cu spi\u021be ale motocicletei sau c\u0103 pute\u021bi monta \u0219i demonta cu u\u0219urin\u021b\u0103 greut\u0103\u021bi pentru spi\u021be. Pe l\u00e2ng\u0103 instrumentele noastre pentru schimbarea anvelopelor, exist\u0103 c\u00e2teva alte produse care sunt indispensabile pentru schimbarea ro\u021bilor de \u00eenalt\u0103 calitate. Acestea includ, de exemplu, greut\u0103\u021bi adezive\/greut\u0103\u021bi de impact, fier de c\u0103lcat pentru anvelope, supape pentru anvelope\/supape pentru jant\u0103 \u0219i senzori TPMS. Ve\u021bi g\u0103si toate produsele din aceast\u0103 zon\u0103 la calitatea obi\u0219nuit\u0103 \u00een gama noastr\u0103 de produse. Lungime in mm 300 mm\"><span class=\"Y2IQFc\" lang=\"ro\">pot fi aplicate pe anvelope \u0219i jante\r\n<\/span><\/pre>\n<pre id=\"tw-target-text\" class=\"tw-data-text tw-text-large tw-ta\" dir=\"ltr\" data-placeholder=\"Traducere\" data-ved=\"2ahUKEwjSg4n68f6JAxUdh_0HHddhHWwQ3ewLegQIDBAW\" aria-label=\"Text tradus: Cu peria special\u0103 \u00eenclinat\u0103 de la Perfect Equipment toate pastele de asamblare sau pastele de asamblare anvelope pot fi aplicate pe anvelope \u0219i jante. Capul periei are un diametru de 51,5 mm iar lungimea periei este de 300 mm. Instrumentele noastre de montare a anvelopelor faciliteaz\u0103 montarea \u0219i \u00eendep\u0103rtarea greut\u0103\u021bilor de echilibrare \u0219i a supapelor anvelopelor pentru schimbarea anvelopelor. Acestea asigur\u0103, printre altele, c\u0103 anvelopa \u0219i janta pot fi separate manual f\u0103r\u0103 putere auxiliar\u0103, c\u0103 pute\u021bi bate corect greut\u0103\u021bile pe ro\u021bile cu spi\u021be ale motocicletei sau c\u0103 pute\u021bi monta \u0219i demonta cu u\u0219urin\u021b\u0103 greut\u0103\u021bi pentru spi\u021be. Pe l\u00e2ng\u0103 instrumentele noastre pentru schimbarea anvelopelor, exist\u0103 c\u00e2teva alte produse care sunt indispensabile pentru schimbarea ro\u021bilor de \u00eenalt\u0103 calitate. Acestea includ, de exemplu, greut\u0103\u021bi adezive\/greut\u0103\u021bi de impact, fier de c\u0103lcat pentru anvelope, supape pentru anvelope\/supape pentru jant\u0103 \u0219i senzori TPMS. Ve\u021bi g\u0103si toate produsele din aceast\u0103 zon\u0103 la calitatea obi\u0219nuit\u0103 \u00een gama noastr\u0103 de produse. Lungime in mm 300 mm\"><span class=\"Y2IQFc\" lang=\"ro\">Capul periei de inalta calitate are un diametru de 51,5 mm iar lungimea periei este de 300 mm.<\/span><\/pre>\n<pre class=\"tw-data-text tw-text-large tw-ta\" dir=\"ltr\" data-placeholder=\"Traducere\" data-ved=\"2ahUKEwjSg4n68f6JAxUdh_0HHddhHWwQ3ewLegQIDBAW\" aria-label=\"Text tradus: Cu peria special\u0103 \u00eenclinat\u0103 de la Perfect Equipment toate pastele de asamblare sau pastele de asamblare anvelope pot fi aplicate pe anvelope \u0219i jante. Capul periei are un diametru de 51,5 mm iar lungimea periei este de 300 mm. Instrumentele noastre de montare a anvelopelor faciliteaz\u0103 montarea \u0219i \u00eendep\u0103rtarea greut\u0103\u021bilor de echilibrare \u0219i a supapelor anvelopelor pentru schimbarea anvelopelor. Acestea asigur\u0103, printre altele, c\u0103 anvelopa \u0219i janta pot fi separate manual f\u0103r\u0103 putere auxiliar\u0103, c\u0103 pute\u021bi bate corect greut\u0103\u021bile pe ro\u021bile cu spi\u021be ale motocicletei sau c\u0103 pute\u021bi monta \u0219i demonta cu u\u0219urin\u021b\u0103 greut\u0103\u021bi pentru spi\u021be. Pe l\u00e2ng\u0103 instrumentele noastre pentru schimbarea anvelopelor, exist\u0103 c\u00e2teva alte produse care sunt indispensabile pentru schimbarea ro\u021bilor de \u00eenalt\u0103 calitate. Acestea includ, de exemplu, greut\u0103\u021bi adezive\/greut\u0103\u021bi de impact, fier de c\u0103lcat pentru anvelope, supape pentru anvelope\/supape pentru jant\u0103 \u0219i senzori TPMS. Ve\u021bi g\u0103si toate produsele din aceast\u0103 zon\u0103 la calitatea obi\u0219nuit\u0103 \u00een gama noastr\u0103 de produse. Lungime in mm 300 mm\"><\/pre>","protected":false},"excerpt":{"rendered":"<p>Cu peria special\u0103 \u00eenclinat\u0103 de la Perfect Equipment toate pastele de anvelope pot fi aplicate pe anvelope \u0219i jante Capul periei de inalta calitate are un diametru de 51,5 mm iar lungimea periei este de 300 mm.<\/p>","protected":false},"featured_media":1326,"comment_status":"open","ping_status":"closed","template":"","meta":[],"product_brand":[],"product_cat":[58,141,59],"product_tag":[],"class_list":{"0":"post-1311","1":"product","2":"type-product","3":"status-publish","4":"has-post-thumbnail","6":"product_cat-accesorii-vulcanizare","7":"product_cat-pasta-montat-demontat-anvelope","8":"product_cat-snur-tubulare-creta-diverse","10":"first","11":"instock","12":"shipping-taxable","13":"purchasable","14":"product-type-simple"},"_links":{"self":[{"href":"https:\/\/provulk.eu\/en\/wp-json\/wp\/v2\/product\/1311","targetHints":{"allow":["GET"]}}],"collection":[{"href":"https:\/\/provulk.eu\/en\/wp-json\/wp\/v2\/product"}],"about":[{"href":"https:\/\/provulk.eu\/en\/wp-json\/wp\/v2\/types\/product"}],"replies":[{"embeddable":true,"href":"https:\/\/provulk.eu\/en\/wp-json\/wp\/v2\/comments?post=1311"}],"wp:featuredmedia":[{"embeddable":true,"href":"https:\/\/provulk.eu\/en\/wp-json\/wp\/v2\/media\/1326"}],"wp:attachment":[{"href":"https:\/\/provulk.eu\/en\/wp-json\/wp\/v2\/media?parent=1311"}],"wp:term":[{"taxonomy":"product_brand","embeddable":true,"href":"https:\/\/provulk.eu\/en\/wp-json\/wp\/v2\/product_brand?post=1311"},{"taxonomy":"product_cat","embeddable":true,"href":"https:\/\/provulk.eu\/en\/wp-json\/wp\/v2\/product_cat?post=1311"},{"taxonomy":"product_tag","embeddable":true,"href":"https:\/\/provulk.eu\/en\/wp-json\/wp\/v2\/product_tag?post=1311"}],"curies":[{"name":"wp","href":"https:\/\/api.w.org\/{rel}","templated":true}]}}