{"id":1312,"date":"2025-09-04T13:38:46","date_gmt":"2025-09-04T10:38:46","guid":{"rendered":"https:\/\/provulk.eu\/?post_type=product&#038;p=1312"},"modified":"2025-09-04T13:38:56","modified_gmt":"2025-09-04T10:38:56","slug":"masina-de-insurubat-cu-2-acumulatori","status":"publish","type":"product","link":"https:\/\/provulk.eu\/en\/product\/masina-de-insurubat-cu-2-acumulatori\/","title":{"rendered":"Masina de insurubat cu 2 acumulatori"},"content":{"rendered":"<h4 data-start=\"188\" data-end=\"218\"><strong data-start=\"188\" data-end=\"218\">Caracteristici principale:<\/strong><\/h4>\n<ul data-start=\"219\" data-end=\"988\">\n<li data-start=\"219\" data-end=\"347\">\n<h4 data-start=\"221\" data-end=\"347\"><strong data-start=\"221\" data-end=\"237\">Cuplu maxim:<\/strong>\u00a02000 Nm \u2013 ideal pentru sarcini grele, cum ar fi repara\u021bii auto, camioane, utilaje de construc\u021bii \u0219i agricole.<\/h4>\n<\/li>\n<li data-start=\"348\" data-end=\"430\">\n<h4 data-start=\"350\" data-end=\"430\"><strong data-start=\"350\" data-end=\"379\">Motor puternic \u0219i durabil<\/strong>, conceput pentru utilizare profesional\u0103 intensiv\u0103.<\/h4>\n<\/li>\n<li data-start=\"431\" data-end=\"524\">\n<h4 data-start=\"433\" data-end=\"524\"><strong data-start=\"433\" data-end=\"469\">Capacitate de desurubare extrem\u0103<\/strong>, chiar \u0219i pentru \u0219uruburi ruginite de p\u00e2n\u0103 la\u00a0<strong data-start=\"516\" data-end=\"523\">M14-M33<\/strong>.<\/h4>\n<\/li>\n<li data-start=\"525\" data-end=\"615\">\n<h4 data-start=\"527\" data-end=\"615\"><strong data-start=\"527\" data-end=\"548\">Antrenare de 3\/4\u2033<\/strong>\u00a0cu\u00a0<strong data-start=\"552\" data-end=\"583\">adaptor inclus 3\/4\u2033 la 1\/2\u2033<\/strong>, pentru versatilitate crescut\u0103.<\/h4>\n<\/li>\n<li data-start=\"616\" data-end=\"700\">\n<h4 data-start=\"618\" data-end=\"700\"><strong data-start=\"618\" data-end=\"649\">Cuplu de str\u00e2ngere reglabil<\/strong>\u00a0\u2013 permite adaptarea la diferite tipuri de lucr\u0103ri.<\/h4>\n<\/li>\n<li data-start=\"701\" data-end=\"785\">\n<h4 data-start=\"703\" data-end=\"785\"><strong data-start=\"703\" data-end=\"734\">Panou de control al vitezei<\/strong>\u00a0situat ergonomic \u00een partea inferioar\u0103 a m\u00e2nerului.<\/h4>\n<\/li>\n<li data-start=\"786\" data-end=\"890\">\n<h4 data-start=\"788\" data-end=\"890\"><strong data-start=\"788\" data-end=\"824\">LED de iluminare alb-str\u0103lucitor<\/strong>, util \u00een spa\u021bii slab iluminate \u2013 poate fi folosit \u0219i ca lantern\u0103.<\/h4>\n<\/li>\n<li data-start=\"891\" data-end=\"988\">\n<h4 data-start=\"893\" data-end=\"988\"><span data-start=\"901\" data-end=\"924\">Include 2\u00a0<\/span><strong data-start=\"901\" data-end=\"924\">acumulatori de 4.0Ah<\/strong>\u00a0\u0219i\u00a0<strong data-start=\"928\" data-end=\"951\">sta\u021bie de \u00eenc\u0103rcare<\/strong>\u00a0\u2013 mobilitate \u0219i autonomie excelente.<\/h4>\n<\/li>\n<\/ul>\n<div class=\"tech_spec_name\"><strong>Turatie:1350NM-1600NM<\/strong><\/div>\n<div class=\"clear_both\"><strong>Capacitate baterie: 4000 mAh<\/strong><\/div>\n<div><strong>Timp de incarcare: 2H<\/strong><\/div>\n<div>\n<h4 class=\"spec_div\"><strong>Temperatura de functionare: -5-50<\/strong><\/h4>\n<\/div>\n<h4 class=\"spec_div\"><strong>Putere :20V<\/strong><\/h4>\n<p><strong>Valiza din plastic pentru transport<\/strong><\/p>","protected":false},"excerpt":{"rendered":"<p>Caracteristici principale: Cuplu maxim:\u00a02000 Nm \u2013 ideal pentru sarcini grele, cum ar fi repara\u021bii auto, camioane, utilaje de construc\u021bii \u0219i agricole. Motor puternic \u0219i durabil, conceput pentru utilizare profesional\u0103 intensiv\u0103. Capacitate de desurubare extrem\u0103, chiar \u0219i pentru \u0219uruburi ruginite de p\u00e2n\u0103 la\u00a0M14-M33. Antrenare de 3\/4\u2033\u00a0cu\u00a0adaptor inclus 3\/4\u2033 la 1\/2\u2033, pentru versatilitate crescut\u0103. Cuplu de str\u00e2ngere [&hellip;]<\/p>","protected":false},"featured_media":1327,"comment_status":"open","ping_status":"closed","template":"","meta":[],"product_brand":[],"product_cat":[69],"product_tag":[],"class_list":{"0":"post-1312","1":"product","2":"type-product","3":"status-publish","4":"has-post-thumbnail","6":"product_cat-scule-pneumatice","8":"first","9":"instock","10":"shipping-taxable","11":"purchasable","12":"product-type-simple"},"_links":{"self":[{"href":"https:\/\/provulk.eu\/en\/wp-json\/wp\/v2\/product\/1312","targetHints":{"allow":["GET"]}}],"collection":[{"href":"https:\/\/provulk.eu\/en\/wp-json\/wp\/v2\/product"}],"about":[{"href":"https:\/\/provulk.eu\/en\/wp-json\/wp\/v2\/types\/product"}],"replies":[{"embeddable":true,"href":"https:\/\/provulk.eu\/en\/wp-json\/wp\/v2\/comments?post=1312"}],"wp:featuredmedia":[{"embeddable":true,"href":"https:\/\/provulk.eu\/en\/wp-json\/wp\/v2\/media\/1327"}],"wp:attachment":[{"href":"https:\/\/provulk.eu\/en\/wp-json\/wp\/v2\/media?parent=1312"}],"wp:term":[{"taxonomy":"product_brand","embeddable":true,"href":"https:\/\/provulk.eu\/en\/wp-json\/wp\/v2\/product_brand?post=1312"},{"taxonomy":"product_cat","embeddable":true,"href":"https:\/\/provulk.eu\/en\/wp-json\/wp\/v2\/product_cat?post=1312"},{"taxonomy":"product_tag","embeddable":true,"href":"https:\/\/provulk.eu\/en\/wp-json\/wp\/v2\/product_tag?post=1312"}],"curies":[{"name":"wp","href":"https:\/\/api.w.org\/{rel}","templated":true}]}}