{"id":1313,"date":"2025-09-04T13:38:46","date_gmt":"2025-09-04T10:38:46","guid":{"rendered":"https:\/\/provulk.eu\/?post_type=product&#038;p=1313"},"modified":"2025-09-04T13:38:57","modified_gmt":"2025-09-04T10:38:57","slug":"banda-adeziva-protectie-janta","status":"publish","type":"product","link":"https:\/\/provulk.eu\/en\/product\/banda-adeziva-protectie-janta\/","title":{"rendered":"Banda adeziva protectie janta"},"content":{"rendered":"<p data-start=\"257\" data-end=\"317\"><strong data-start=\"257\" data-end=\"317\">Band\u0103 adeziv\u0103 pentru protec\u021bia jantelor din aliaj \u2013 200m<\/strong><\/p>\n<p data-start=\"319\" data-end=\"386\">Protejeaz\u0103-\u021bi jantele din aliaj cu o solu\u021bie practic\u0103 \u0219i eficient\u0103!<\/p>\n<ul data-start=\"388\" data-end=\"1032\">\n<li data-start=\"388\" data-end=\"549\">\n<p data-start=\"390\" data-end=\"549\"><strong data-start=\"390\" data-end=\"413\">Protec\u021bie eficient\u0103<\/strong>: Banda adeziv\u0103 ofer\u0103 un strat de protec\u021bie \u00eempotriva zg\u00e2rieturilor, loviturilor u\u0219oare<\/p>\n<\/li>\n<li data-start=\"550\" data-end=\"665\">\n<p data-start=\"552\" data-end=\"665\"><strong data-start=\"552\" data-end=\"568\">Montaj facil<\/strong>: Se aplic\u0103 rapid \u0219i u\u0219or, f\u0103r\u0103 unelte speciale, ideal\u0103 pentru atelierele de vulcanizare<\/p>\n<\/li>\n<li data-start=\"666\" data-end=\"805\">\n<p data-start=\"668\" data-end=\"805\"><strong data-start=\"668\" data-end=\"688\">Design universal<\/strong>: Flexibil\u0103 \u0219i adaptabil\u0103, banda se potrive\u0219te cu majoritatea tipurilor de jante, indiferent de model sau dimensiune.<\/p>\n<\/li>\n<li data-start=\"806\" data-end=\"921\">\n<p data-start=\"808\" data-end=\"921\"><strong data-start=\"808\" data-end=\"828\">U\u0219or de \u00eenlocuit<\/strong>: Dac\u0103 se deterioreaz\u0103, banda poate fi \u00eendep\u0103rtat\u0103 cu u\u0219urin\u021b\u0103 \u0219i \u00eenlocuit\u0103 f\u0103r\u0103 a l\u0103sa urme.<\/p>\n<\/li>\n<li data-start=\"922\" data-end=\"1032\">\n<p data-start=\"924\" data-end=\"1032\"><strong data-start=\"924\" data-end=\"952\">Lungime generoas\u0103 \u2013 200m<\/strong>: Suficient\u0103 pentru multiple utiliz\u0103ri sau pentru echiparea mai multor vehicule.<\/p>\n<\/li>\n<\/ul>\n<p data-start=\"1034\" data-end=\"1119\">Ideal\u0103 pentru pasiona\u021bii auto care doresc s\u0103-\u0219i p\u0103streze jantele \u00een stare impecabil\u0103!<\/p>","protected":false},"excerpt":{"rendered":"<p>Band\u0103 adeziv\u0103 pentru protec\u021bia jantelor din aliaj \u2013 200m Protejeaz\u0103-\u021bi jantele din aliaj cu o solu\u021bie practic\u0103 \u0219i eficient\u0103! Protec\u021bie eficient\u0103: Banda adeziv\u0103 ofer\u0103 un strat de protec\u021bie \u00eempotriva zg\u00e2rieturilor, loviturilor u\u0219oare Montaj facil: Se aplic\u0103 rapid \u0219i u\u0219or, f\u0103r\u0103 unelte speciale, ideal\u0103 pentru atelierele de vulcanizare Design universal: Flexibil\u0103 \u0219i adaptabil\u0103, banda se potrive\u0219te [&hellip;]<\/p>","protected":false},"featured_media":1330,"comment_status":"open","ping_status":"closed","template":"","meta":[],"product_brand":[],"product_cat":[117,75],"product_tag":[],"class_list":{"0":"post-1313","1":"product","2":"type-product","3":"status-publish","4":"has-post-thumbnail","6":"product_cat-contragreutati-adezive","7":"product_cat-snur-tubulare-creta-diverse-accesorii-vulcanizare","9":"first","10":"instock","11":"shipping-taxable","12":"purchasable","13":"product-type-simple"},"_links":{"self":[{"href":"https:\/\/provulk.eu\/en\/wp-json\/wp\/v2\/product\/1313","targetHints":{"allow":["GET"]}}],"collection":[{"href":"https:\/\/provulk.eu\/en\/wp-json\/wp\/v2\/product"}],"about":[{"href":"https:\/\/provulk.eu\/en\/wp-json\/wp\/v2\/types\/product"}],"replies":[{"embeddable":true,"href":"https:\/\/provulk.eu\/en\/wp-json\/wp\/v2\/comments?post=1313"}],"wp:featuredmedia":[{"embeddable":true,"href":"https:\/\/provulk.eu\/en\/wp-json\/wp\/v2\/media\/1330"}],"wp:attachment":[{"href":"https:\/\/provulk.eu\/en\/wp-json\/wp\/v2\/media?parent=1313"}],"wp:term":[{"taxonomy":"product_brand","embeddable":true,"href":"https:\/\/provulk.eu\/en\/wp-json\/wp\/v2\/product_brand?post=1313"},{"taxonomy":"product_cat","embeddable":true,"href":"https:\/\/provulk.eu\/en\/wp-json\/wp\/v2\/product_cat?post=1313"},{"taxonomy":"product_tag","embeddable":true,"href":"https:\/\/provulk.eu\/en\/wp-json\/wp\/v2\/product_tag?post=1313"}],"curies":[{"name":"wp","href":"https:\/\/api.w.org\/{rel}","templated":true}]}}