{"id":1098,"date":"2025-09-04T13:37:40","date_gmt":"2025-09-04T10:37:40","guid":{"rendered":"https:\/\/provulk.eu\/?post_type=product&#038;p=1098"},"modified":"2025-09-04T13:37:48","modified_gmt":"2025-09-04T10:37:48","slug":"cric-perna-35-tone","status":"publish","type":"product","link":"https:\/\/provulk.eu\/ro\/product\/cric-perna-35-tone\/","title":{"rendered":"CRIC PERNA 3,5 TONE"},"content":{"rendered":"<h3 data-start=\"124\" data-end=\"183\"><strong data-start=\"128\" data-end=\"183\">Cric pneumatic 3.5 tone cu 3 perne de aer \u2013 KING POINT<\/strong><\/h3>\n<p data-start=\"185\" data-end=\"470\">Cricul pneumatic King Point este alegerea ideal\u0103 pentru service-uri auto, vulcaniz\u0103ri \u0219i ateliere care lucreaz\u0103 at\u00e2t cu autoturisme, c\u00e2t \u0219i cu SUV-uri. Construit pentru eficien\u021b\u0103 \u0219i fiabilitate, acest model este compatibil cu majoritatea vehiculelor, inclusiv cele cu garda la sol redus\u0103.<\/p>\n<p data-start=\"477\" data-end=\"502\"><strong data-start=\"477\" data-end=\"502\">Caracteristici cheie:<\/strong><\/p>\n<ul data-start=\"504\" data-end=\"1160\">\n<li data-start=\"504\" data-end=\"598\">\n<p data-start=\"506\" data-end=\"598\"><strong data-start=\"506\" data-end=\"533\">Capacitate de ridicare:<\/strong>\u00a0p\u00e2n\u0103 la\u00a0<strong data-start=\"542\" data-end=\"554\">3.5 tone<\/strong>\u00a0\u2013 potrivit pentru o gam\u0103 larg\u0103 de vehicule.<\/p>\n<\/li>\n<li data-start=\"599\" data-end=\"697\">\n<p data-start=\"601\" data-end=\"697\"><strong data-start=\"601\" data-end=\"636\">\u00cen\u0103l\u021bime minim\u0103 de doar 15 cm<\/strong>\u00a0\u2013 perfect pentru ma\u0219inile sport sau cele cu suspensie joas\u0103.<\/p>\n<\/li>\n<li data-start=\"698\" data-end=\"796\">\n<p data-start=\"700\" data-end=\"796\"><strong data-start=\"700\" data-end=\"732\">\u00cen\u0103l\u021bime maxim\u0103 de ridicare:<\/strong> 40 cm \u2013 asigur\u0103 acces facil la partea inferioar\u0103 a vehiculului.<\/p>\n<\/li>\n<li data-start=\"797\" data-end=\"869\">\n<p data-start=\"799\" data-end=\"869\"><strong data-start=\"799\" data-end=\"832\">Construc\u021bie cu 3 perne de aer<\/strong>, pentru ridicare rapid\u0103 \u0219i uniform\u0103.<\/p>\n<\/li>\n<li data-start=\"870\" data-end=\"978\">\n<p data-start=\"872\" data-end=\"978\"><strong data-start=\"872\" data-end=\"894\">Presiune de lucru:<\/strong>\u00a06 \u2013 10 bari; dotat cu\u00a0<strong data-start=\"917\" data-end=\"940\">supap\u0103 de siguran\u021b\u0103<\/strong>\u00a0care se activeaz\u0103 automat la 10 bari.<\/p>\n<\/li>\n<li data-start=\"979\" data-end=\"1085\">\n<p data-start=\"981\" data-end=\"1085\"><strong data-start=\"981\" data-end=\"1002\">Design ergonomic:<\/strong>\u00a0m\u00e2ner lung de 75 cm \u0219i ro\u021bi mari, pentru manevrare u\u0219oar\u0103 \u0219i transport f\u0103r\u0103 efort.<\/p>\n<\/li>\n<li data-start=\"1086\" data-end=\"1160\">\n<p data-start=\"1088\" data-end=\"1160\"><strong data-start=\"1088\" data-end=\"1108\">Greutate redus\u0103:<\/strong>\u00a0doar\u00a0<strong data-start=\"1114\" data-end=\"1125\">19.5 kg<\/strong>\u00a0\u2013 u\u0219or de transportat \u0219i utilizat.<\/p>\n<\/li>\n<li data-start=\"1086\" data-end=\"1160\">Producator: King Point<\/li>\n<\/ul>\n","protected":false},"excerpt":{"rendered":"<p>Cric pneumatic 3.5 tone cu 3 perne de aer \u2013 KING POINT Cricul pneumatic King Point este alegerea ideal\u0103 pentru service-uri auto, vulcaniz\u0103ri \u0219i ateliere care lucreaz\u0103 at\u00e2t cu autoturisme, c\u00e2t \u0219i cu SUV-uri. Construit pentru eficien\u021b\u0103 \u0219i fiabilitate, acest model este compatibil cu majoritatea vehiculelor, inclusiv cele cu garda la sol redus\u0103. Caracteristici cheie: [&hellip;]<\/p>\n","protected":false},"featured_media":1125,"comment_status":"open","ping_status":"closed","template":"","meta":[],"product_brand":[],"product_cat":[98],"product_tag":[],"class_list":{"0":"post-1098","1":"product","2":"type-product","3":"status-publish","4":"has-post-thumbnail","6":"product_cat-cricuri-vulcanizare","8":"first","9":"instock","10":"sale","11":"shipping-taxable","12":"purchasable","13":"product-type-simple"},"_links":{"self":[{"href":"https:\/\/provulk.eu\/ro\/wp-json\/wp\/v2\/product\/1098","targetHints":{"allow":["GET"]}}],"collection":[{"href":"https:\/\/provulk.eu\/ro\/wp-json\/wp\/v2\/product"}],"about":[{"href":"https:\/\/provulk.eu\/ro\/wp-json\/wp\/v2\/types\/product"}],"replies":[{"embeddable":true,"href":"https:\/\/provulk.eu\/ro\/wp-json\/wp\/v2\/comments?post=1098"}],"wp:featuredmedia":[{"embeddable":true,"href":"https:\/\/provulk.eu\/ro\/wp-json\/wp\/v2\/media\/1125"}],"wp:attachment":[{"href":"https:\/\/provulk.eu\/ro\/wp-json\/wp\/v2\/media?parent=1098"}],"wp:term":[{"taxonomy":"product_brand","embeddable":true,"href":"https:\/\/provulk.eu\/ro\/wp-json\/wp\/v2\/product_brand?post=1098"},{"taxonomy":"product_cat","embeddable":true,"href":"https:\/\/provulk.eu\/ro\/wp-json\/wp\/v2\/product_cat?post=1098"},{"taxonomy":"product_tag","embeddable":true,"href":"https:\/\/provulk.eu\/ro\/wp-json\/wp\/v2\/product_tag?post=1098"}],"curies":[{"name":"wp","href":"https:\/\/api.w.org\/{rel}","templated":true}]}}