{"id":1219,"date":"2025-09-04T13:38:10","date_gmt":"2025-09-04T10:38:10","guid":{"rendered":"https:\/\/provulk.eu\/?post_type=product&#038;p=1219"},"modified":"2025-09-04T13:38:29","modified_gmt":"2025-09-04T10:38:29","slug":"spray-curatare-discuri-de-frana","status":"publish","type":"product","link":"https:\/\/provulk.eu\/ro\/product\/spray-curatare-discuri-de-frana\/","title":{"rendered":"SPRAY CURATARE DISCURI DE FRANA"},"content":{"rendered":"<h5>SPRAY PENTRU CURATAREA SI DEGRESAREA FRANELOR \u2022 PENTRU CUR\u0102\u0162AREA FR\u00c2NELOR \u015eI A ALTOR PIESE ALE MA\u015eINII, F\u0102R\u0102 ACETON\u0102 \u2022 CUR\u0102\u0162\u0102 RAPID \u2022 DEGRESEAZ\u0102 COMPLET \u2022 SE USUC\u0102 RAPID \u2022 NU CON\u0162INE ACETON\u0102 \u2013 NEUTRU FA\u0162\u0102 DE CAUCIUC, MATERIALE SINTETICE\/PLASTICE \u015eI SUPRAFE\u0162E L\u0102CUITE \u2022 NU CON\u0162INE SILICON\/ 450ML<\/h5>\n","protected":false},"excerpt":{"rendered":"<p>SPRAY PENTRU CURATAREA SI DEGRESAREA FRANELOR \u2022 PENTRU CUR\u0102\u0162AREA FR\u00c2NELOR \u015eI A ALTOR PIESE ALE MA\u015eINII, F\u0102R\u0102 ACETON\u0102 \u2022 CUR\u0102\u0162\u0102 RAPID \u2022 DEGRESEAZ\u0102 COMPLET \u2022 SE USUC\u0102 RAPID \u2022 NU CON\u0162INE ACETON\u0102 \u2013 NEUTRU FA\u0162\u0102 DE CAUCIUC, MATERIALE SINTETICE\/PLASTICE \u015eI SUPRAFE\u0162E L\u0102CUITE \u2022 NU CON\u0162INE SILICON\/ 450ML<\/p>\n","protected":false},"featured_media":1250,"comment_status":"open","ping_status":"closed","template":"","meta":[],"product_brand":[],"product_cat":[64],"product_tag":[],"class_list":{"0":"post-1219","1":"product","2":"type-product","3":"status-publish","4":"has-post-thumbnail","6":"product_cat-produse-intretinere","8":"first","9":"instock","10":"shipping-taxable","11":"purchasable","12":"product-type-simple"},"_links":{"self":[{"href":"https:\/\/provulk.eu\/ro\/wp-json\/wp\/v2\/product\/1219","targetHints":{"allow":["GET"]}}],"collection":[{"href":"https:\/\/provulk.eu\/ro\/wp-json\/wp\/v2\/product"}],"about":[{"href":"https:\/\/provulk.eu\/ro\/wp-json\/wp\/v2\/types\/product"}],"replies":[{"embeddable":true,"href":"https:\/\/provulk.eu\/ro\/wp-json\/wp\/v2\/comments?post=1219"}],"wp:featuredmedia":[{"embeddable":true,"href":"https:\/\/provulk.eu\/ro\/wp-json\/wp\/v2\/media\/1250"}],"wp:attachment":[{"href":"https:\/\/provulk.eu\/ro\/wp-json\/wp\/v2\/media?parent=1219"}],"wp:term":[{"taxonomy":"product_brand","embeddable":true,"href":"https:\/\/provulk.eu\/ro\/wp-json\/wp\/v2\/product_brand?post=1219"},{"taxonomy":"product_cat","embeddable":true,"href":"https:\/\/provulk.eu\/ro\/wp-json\/wp\/v2\/product_cat?post=1219"},{"taxonomy":"product_tag","embeddable":true,"href":"https:\/\/provulk.eu\/ro\/wp-json\/wp\/v2\/product_tag?post=1219"}],"curies":[{"name":"wp","href":"https:\/\/api.w.org\/{rel}","templated":true}]}}