{"id":1261,"date":"2025-09-04T13:38:32","date_gmt":"2025-09-04T10:38:32","guid":{"rendered":"https:\/\/provulk.eu\/?post_type=product&#038;p=1261"},"modified":"2025-09-04T13:38:38","modified_gmt":"2025-09-04T10:38:38","slug":"laveta-piele-caprioara-4360cm","status":"publish","type":"product","link":"https:\/\/provulk.eu\/ro\/product\/laveta-piele-caprioara-4360cm\/","title":{"rendered":"Laveta piele caprioara 43*60cm"},"content":{"rendered":"<p>Lavet\u0103 piele c\u0103prioar\u0103, pentru cur\u0103\u0163are \u015fi uscare, 43&#215;60 cm Laveta din piele natural\u0103 de c\u0103prioar\u0103 este o c\u00e2rp\u0103 ideal\u0103 pentru \u015ftergerea suprafe\u0163elor din plastic, sticl\u0103, oglind\u0103, dar \u015fi pentru cur\u0103\u0163area la interior \u015fi exterior a ma\u015finii. Caracteristici: &#8211; putere mare de absorb\u0163ie &#8211; usuc\u0103 f\u0103r\u0103 s\u0103 lase urme &#8211; material delicat care nu zg\u00e2rie &#8211; utilizare uscat\u0103 pentru lustruirea suprafe\u0163elor<\/p>\n","protected":false},"excerpt":{"rendered":"<p>Lavet\u0103 piele c\u0103prioar\u0103, pentru cur\u0103\u0163are \u015fi uscare, 43&#215;60 cm Laveta din piele natural\u0103 de c\u0103prioar\u0103 este o c\u00e2rp\u0103 ideal\u0103 pentru \u015ftergerea suprafe\u0163elor din plastic, sticl\u0103, oglind\u0103, dar \u015fi pentru cur\u0103\u0163area la interior \u015fi exterior a ma\u015finii. Caracteristici: &#8211; putere mare de absorb\u0163ie &#8211; usuc\u0103 f\u0103r\u0103 s\u0103 lase urme &#8211; material delicat care nu zg\u00e2rie &#8211; [&hellip;]<\/p>\n","protected":false},"featured_media":1289,"comment_status":"open","ping_status":"closed","template":"","meta":[],"product_brand":[],"product_cat":[64,114],"product_tag":[],"class_list":{"0":"post-1261","1":"product","2":"type-product","3":"status-publish","4":"has-post-thumbnail","6":"product_cat-produse-intretinere","7":"product_cat-produse-spalatorii-auto","9":"first","10":"instock","11":"shipping-taxable","12":"purchasable","13":"product-type-simple"},"_links":{"self":[{"href":"https:\/\/provulk.eu\/ro\/wp-json\/wp\/v2\/product\/1261","targetHints":{"allow":["GET"]}}],"collection":[{"href":"https:\/\/provulk.eu\/ro\/wp-json\/wp\/v2\/product"}],"about":[{"href":"https:\/\/provulk.eu\/ro\/wp-json\/wp\/v2\/types\/product"}],"replies":[{"embeddable":true,"href":"https:\/\/provulk.eu\/ro\/wp-json\/wp\/v2\/comments?post=1261"}],"wp:featuredmedia":[{"embeddable":true,"href":"https:\/\/provulk.eu\/ro\/wp-json\/wp\/v2\/media\/1289"}],"wp:attachment":[{"href":"https:\/\/provulk.eu\/ro\/wp-json\/wp\/v2\/media?parent=1261"}],"wp:term":[{"taxonomy":"product_brand","embeddable":true,"href":"https:\/\/provulk.eu\/ro\/wp-json\/wp\/v2\/product_brand?post=1261"},{"taxonomy":"product_cat","embeddable":true,"href":"https:\/\/provulk.eu\/ro\/wp-json\/wp\/v2\/product_cat?post=1261"},{"taxonomy":"product_tag","embeddable":true,"href":"https:\/\/provulk.eu\/ro\/wp-json\/wp\/v2\/product_tag?post=1261"}],"curies":[{"name":"wp","href":"https:\/\/api.w.org\/{rel}","templated":true}]}}