{"id":1267,"date":"2025-09-04T13:38:32","date_gmt":"2025-09-04T10:38:32","guid":{"rendered":"https:\/\/provulk.eu\/?post_type=product&#038;p=1267"},"modified":"2025-09-04T13:38:41","modified_gmt":"2025-09-04T10:38:41","slug":"plumbi-echilibrat-roti-jante-tabla-40g-50buc","status":"publish","type":"product","link":"https:\/\/provulk.eu\/ro\/product\/plumbi-echilibrat-roti-jante-tabla-40g-50buc\/","title":{"rendered":"Plumbi echilibrat roti jante tabla 40g \/50buc"},"content":{"rendered":"<pre id=\"tw-target-text\" class=\"tw-data-text tw-text-large tw-ta\" dir=\"ltr\" data-placeholder=\"Traducere\"><span class=\"Y2IQFc\" lang=\"ro\">Plumbi echilibrat roti jante tabla 40gr gama ecologica.\r\n\u00cenveli\u0219ul special de plastic asigur\u0103 o rezisten\u021b\u0103 ridicat\u0103 la coroziune \r\nsi nu deterioreaz\u0103 stratul de vopsea al jantei. \r\nProducator: KING POINT<\/span><\/pre>\n","protected":false},"excerpt":{"rendered":"<p>Plumbi echilibrat roti jante tabla 40gr gama ecologica. \u00cenveli\u0219ul special de plastic asigur\u0103 o rezisten\u021b\u0103 ridicat\u0103 la coroziune si nu deterioreaz\u0103 stratul de vopsea al jantei. Producator: KING POINT<\/p>\n","protected":false},"featured_media":1294,"comment_status":"open","ping_status":"closed","template":"","meta":[],"product_brand":[],"product_cat":[166],"product_tag":[],"class_list":{"0":"post-1267","1":"product","2":"type-product","3":"status-publish","4":"has-post-thumbnail","6":"product_cat-plumbi-echilibrat-roti-jante-tabla-eco","8":"first","9":"instock","10":"shipping-taxable","11":"purchasable","12":"product-type-simple"},"_links":{"self":[{"href":"https:\/\/provulk.eu\/ro\/wp-json\/wp\/v2\/product\/1267","targetHints":{"allow":["GET"]}}],"collection":[{"href":"https:\/\/provulk.eu\/ro\/wp-json\/wp\/v2\/product"}],"about":[{"href":"https:\/\/provulk.eu\/ro\/wp-json\/wp\/v2\/types\/product"}],"replies":[{"embeddable":true,"href":"https:\/\/provulk.eu\/ro\/wp-json\/wp\/v2\/comments?post=1267"}],"wp:featuredmedia":[{"embeddable":true,"href":"https:\/\/provulk.eu\/ro\/wp-json\/wp\/v2\/media\/1294"}],"wp:attachment":[{"href":"https:\/\/provulk.eu\/ro\/wp-json\/wp\/v2\/media?parent=1267"}],"wp:term":[{"taxonomy":"product_brand","embeddable":true,"href":"https:\/\/provulk.eu\/ro\/wp-json\/wp\/v2\/product_brand?post=1267"},{"taxonomy":"product_cat","embeddable":true,"href":"https:\/\/provulk.eu\/ro\/wp-json\/wp\/v2\/product_cat?post=1267"},{"taxonomy":"product_tag","embeddable":true,"href":"https:\/\/provulk.eu\/ro\/wp-json\/wp\/v2\/product_tag?post=1267"}],"curies":[{"name":"wp","href":"https:\/\/api.w.org\/{rel}","templated":true}]}}