{"id":725,"date":"2025-09-04T13:36:07","date_gmt":"2025-09-04T10:36:07","guid":{"rendered":"https:\/\/provulk.eu\/?post_type=product&#038;p=725"},"modified":"2025-09-04T13:36:10","modified_gmt":"2025-09-04T10:36:10","slug":"laveta-piele-caprioara","status":"publish","type":"product","link":"https:\/\/provulk.eu\/ro\/product\/laveta-piele-caprioara\/","title":{"rendered":"LAVETA PIELE CAPRIOARA"},"content":{"rendered":"<p>Laveta din piele natural\u0103 de c\u0103prioar\u0103 este o c\u00e2rp\u0103 ideal\u0103 pentru \u015ftergerea suprafe\u0163elor din plastic, sticl\u0103, oglind\u0103, dar \u015fi pentru cur\u0103\u0163area la interior \u015fi exterior a ma\u015finii.<br \/>\nCaracteristici:<br \/>\n&#8211; putere mare de absorb\u0163ie<br \/>\n&#8211; usuc\u0103 f\u0103r\u0103 s\u0103 lase urme<br \/>\n&#8211; material delicat care nu zg\u00e2rie<br \/>\n&#8211; utilizare uscat\u0103 pentru lustruirea suprafe\u0163elor<\/p>\n<p>Laveta are o form\u0103 neregulat\u0103, iar dimensiunile sunt aproximative.<\/p>\n","protected":false},"excerpt":{"rendered":"<p>Laveta din piele natural\u0103 de c\u0103prioar\u0103 este o c\u00e2rp\u0103 ideal\u0103 pentru \u015ftergerea suprafe\u0163elor din plastic, sticl\u0103, oglind\u0103, dar \u015fi pentru cur\u0103\u0163area la interior \u015fi exterior a ma\u015finii. Caracteristici: &#8211; putere mare de absorb\u0163ie &#8211; usuc\u0103 f\u0103r\u0103 s\u0103 lase urme &#8211; material delicat care nu zg\u00e2rie &#8211; utilizare uscat\u0103 pentru lustruirea suprafe\u0163elor Laveta are o form\u0103 [&hellip;]<\/p>\n","protected":false},"featured_media":755,"comment_status":"open","ping_status":"closed","template":"","meta":[],"product_brand":[],"product_cat":[114],"product_tag":[],"class_list":{"0":"post-725","1":"product","2":"type-product","3":"status-publish","4":"has-post-thumbnail","6":"product_cat-produse-spalatorii-auto","8":"first","9":"instock","10":"shipping-taxable","11":"purchasable","12":"product-type-simple"},"_links":{"self":[{"href":"https:\/\/provulk.eu\/ro\/wp-json\/wp\/v2\/product\/725","targetHints":{"allow":["GET"]}}],"collection":[{"href":"https:\/\/provulk.eu\/ro\/wp-json\/wp\/v2\/product"}],"about":[{"href":"https:\/\/provulk.eu\/ro\/wp-json\/wp\/v2\/types\/product"}],"replies":[{"embeddable":true,"href":"https:\/\/provulk.eu\/ro\/wp-json\/wp\/v2\/comments?post=725"}],"wp:featuredmedia":[{"embeddable":true,"href":"https:\/\/provulk.eu\/ro\/wp-json\/wp\/v2\/media\/755"}],"wp:attachment":[{"href":"https:\/\/provulk.eu\/ro\/wp-json\/wp\/v2\/media?parent=725"}],"wp:term":[{"taxonomy":"product_brand","embeddable":true,"href":"https:\/\/provulk.eu\/ro\/wp-json\/wp\/v2\/product_brand?post=725"},{"taxonomy":"product_cat","embeddable":true,"href":"https:\/\/provulk.eu\/ro\/wp-json\/wp\/v2\/product_cat?post=725"},{"taxonomy":"product_tag","embeddable":true,"href":"https:\/\/provulk.eu\/ro\/wp-json\/wp\/v2\/product_tag?post=725"}],"curies":[{"name":"wp","href":"https:\/\/api.w.org\/{rel}","templated":true}]}}