{"id":830,"date":"2025-09-04T13:36:35","date_gmt":"2025-09-04T10:36:35","guid":{"rendered":"https:\/\/provulk.eu\/?post_type=product&#038;p=830"},"modified":"2025-09-04T13:36:37","modified_gmt":"2025-09-04T10:36:37","slug":"vipal-sv01-innerliner-400g-500ml","status":"publish","type":"product","link":"https:\/\/provulk.eu\/ro\/product\/vipal-sv01-innerliner-400g-500ml\/","title":{"rendered":"VIPAL-SV01-Innerliner 400g\/500ml"},"content":{"rendered":"<p>INNERLINER marca VIPAL 400g\/500ml<\/p>\n<p>Preparatul este utilizat pentru a etan\u0219a porozitatea stratului interior al anvelopei f\u0103r\u0103 camer\u0103, precum \u0219i dup\u0103 aplicarea peticului acoperind suprafata polizata in exces si aprox 10-15mm din lateralele peticului .<\/p>\n<p>Este esential pentru o lucrare de calitate !<\/p>\n","protected":false},"excerpt":{"rendered":"<p>INNERLINER marca VIPAL 400g\/500ml Preparatul este utilizat pentru a etan\u0219a porozitatea stratului interior al anvelopei f\u0103r\u0103 camer\u0103, precum \u0219i dup\u0103 aplicarea peticului acoperind suprafata polizata in exces si aprox 10-15mm din lateralele peticului . Este esential pentru o lucrare de calitate !<\/p>\n","protected":false},"featured_media":859,"comment_status":"open","ping_status":"closed","template":"","meta":[],"product_brand":[],"product_cat":[131,125,120,122,124,123],"product_tag":[],"class_list":{"0":"post-830","1":"product","2":"type-product","3":"status-publish","4":"has-post-thumbnail","6":"product_cat-petice-diagonale","7":"product_cat-petice-pentru-camere","8":"product_cat-petice-radiale-petice-vulcanizare","9":"product_cat-petice-radiale-cu-insertie-de-metal-si-aramid","10":"product_cat-petice-tip-ciuperca","11":"product_cat-petice-universale","13":"first","14":"instock","15":"shipping-taxable","16":"purchasable","17":"product-type-simple"},"_links":{"self":[{"href":"https:\/\/provulk.eu\/ro\/wp-json\/wp\/v2\/product\/830","targetHints":{"allow":["GET"]}}],"collection":[{"href":"https:\/\/provulk.eu\/ro\/wp-json\/wp\/v2\/product"}],"about":[{"href":"https:\/\/provulk.eu\/ro\/wp-json\/wp\/v2\/types\/product"}],"replies":[{"embeddable":true,"href":"https:\/\/provulk.eu\/ro\/wp-json\/wp\/v2\/comments?post=830"}],"wp:featuredmedia":[{"embeddable":true,"href":"https:\/\/provulk.eu\/ro\/wp-json\/wp\/v2\/media\/859"}],"wp:attachment":[{"href":"https:\/\/provulk.eu\/ro\/wp-json\/wp\/v2\/media?parent=830"}],"wp:term":[{"taxonomy":"product_brand","embeddable":true,"href":"https:\/\/provulk.eu\/ro\/wp-json\/wp\/v2\/product_brand?post=830"},{"taxonomy":"product_cat","embeddable":true,"href":"https:\/\/provulk.eu\/ro\/wp-json\/wp\/v2\/product_cat?post=830"},{"taxonomy":"product_tag","embeddable":true,"href":"https:\/\/provulk.eu\/ro\/wp-json\/wp\/v2\/product_tag?post=830"}],"curies":[{"name":"wp","href":"https:\/\/api.w.org\/{rel}","templated":true}]}}